{"id":230,"date":"2017-05-23T21:54:46","date_gmt":"2017-05-23T19:54:46","guid":{"rendered":"http:\/\/tibor.djantar.de\/?page_id=230"},"modified":"2022-06-27T14:20:20","modified_gmt":"2022-06-27T12:20:20","slug":"jff","status":"publish","type":"page","link":"https:\/\/tibor.djantar.de\/?page_id=230","title":{"rendered":"JFF"},"content":{"rendered":"<p>JFF ( just for fun) Fotografie<\/p>\n<p>wenn Sie diese Seite aufrufen, sind Sie aller Warscheinlichkeit von mir um die Erlaubniss gebeten worden, ein\u00a0 Foto von ihnen machen zu d\u00fcrfen. Gerne sende ich ihnen Ihr Foto digital zu. Bitte senden Sie mir eine Mail mit dem Wunsch, die von Ihnen gemachte Bilder zugeschickt zu bekommen.<\/p>\n<p>Meine Fotografie ist zu keinem Zeitpunkt kommerziell. denoch muss ich mich auch an Vorschriften halten. Laut Wikipedia ist der\u00a0 <span class=\"plainlinks-print\"><a class=\"external text\" href=\"https:\/\/www.gesetze-im-internet.de\/kunsturhg\/__22.html\" rel=\"nofollow noopener\" target=\"_blank\">\u00a7\u00a022<\/a><\/span> KunstUrhG hierf\u00fcr zust\u00e4ndig. Dort heist es u.A. :<\/p>\n<p>\u201eBildnisse d\u00fcrfen nur mit Einwilligung des Abgebildeten verbreitet oder \u00f6ffentlich zur Schau gestellt werden. Die Einwilligung gilt im Zweifel als erteilt, wenn der Abgebildete daf\u00fcr, dass er sich abbilden lie\u00df, eine Entlohnung erhielt. &#8230;&#8220;<\/p>\n","protected":false},"excerpt":{"rendered":"<p>JFF ( just for fun) Fotografie wenn Sie diese Seite aufrufen, sind Sie aller Warscheinlichkeit von mir um die Erlaubniss gebeten worden, ein\u00a0 Foto von [&#8230;]<\/p>\n","protected":false},"author":2,"featured_media":434,"parent":0,"menu_order":0,"comment_status":"closed","ping_status":"closed","template":"","meta":{"footnotes":""},"class_list":["post-230","page","type-page","status-publish","has-post-thumbnail","hentry"],"_links":{"self":[{"href":"https:\/\/tibor.djantar.de\/index.php?rest_route=\/wp\/v2\/pages\/230","targetHints":{"allow":["GET"]}}],"collection":[{"href":"https:\/\/tibor.djantar.de\/index.php?rest_route=\/wp\/v2\/pages"}],"about":[{"href":"https:\/\/tibor.djantar.de\/index.php?rest_route=\/wp\/v2\/types\/page"}],"author":[{"embeddable":true,"href":"https:\/\/tibor.djantar.de\/index.php?rest_route=\/wp\/v2\/users\/2"}],"replies":[{"embeddable":true,"href":"https:\/\/tibor.djantar.de\/index.php?rest_route=%2Fwp%2Fv2%2Fcomments&post=230"}],"version-history":[{"count":5,"href":"https:\/\/tibor.djantar.de\/index.php?rest_route=\/wp\/v2\/pages\/230\/revisions"}],"predecessor-version":[{"id":456,"href":"https:\/\/tibor.djantar.de\/index.php?rest_route=\/wp\/v2\/pages\/230\/revisions\/456"}],"wp:featuredmedia":[{"embeddable":true,"href":"https:\/\/tibor.djantar.de\/index.php?rest_route=\/wp\/v2\/media\/434"}],"wp:attachment":[{"href":"https:\/\/tibor.djantar.de\/index.php?rest_route=%2Fwp%2Fv2%2Fmedia&parent=230"}],"curies":[{"name":"wp","href":"https:\/\/api.w.org\/{rel}","templated":true}]}}