{"id":62,"date":"2017-05-02T07:38:18","date_gmt":"2017-05-02T05:38:18","guid":{"rendered":"http:\/\/djantar.de\/tibor\/wordpress\/?page_id=62"},"modified":"2021-01-31T12:04:05","modified_gmt":"2021-01-31T11:04:05","slug":"ueber-mich","status":"publish","type":"page","link":"https:\/\/tibor.djantar.de\/?page_id=62","title":{"rendered":"\u00dcber mich"},"content":{"rendered":"<p>Mein Name ist Tibor Djantar.<\/p>\n<p><img loading=\"lazy\" decoding=\"async\" class=\"size-medium wp-image-156 alignright\" src=\"https:\/\/tibor.djantar.de\/wp-content\/uploads\/2017\/05\/DSC06350-200x300.png\" alt=\"\" width=\"200\" height=\"300\" title=\"\" srcset=\"https:\/\/tibor.djantar.de\/wp-content\/uploads\/2017\/05\/DSC06350-200x300.png 200w, https:\/\/tibor.djantar.de\/wp-content\/uploads\/2017\/05\/DSC06350.png 320w\" sizes=\"auto, (max-width: 200px) 100vw, 200px\" \/><\/p>\n<p>Von Beruf mache &#8222;ich was mit Computern&#8220;<\/p>\n<p>Privat bin ich Ehemann und Vater, Reihenhausbewohner und Kombi-Fahrer mit Migrationshintergrund und schr\u00e4gem Humor.<\/p>\n<p>Diese Seite ist in erster Linie f\u00fcr den Austausch mit Gleichgesinnten gerichtet. Daneben ist mir aber auch wichtig, f\u00fcr Leute die mich kennen ein &#8222;Fenster meiner Freizeitaktivit\u00e4t&#8220; zur Verf\u00fcgung zu stellen und somit das soziale Band stark zu halten.<\/p>\n","protected":false},"excerpt":{"rendered":"<p>Mein Name ist Tibor Djantar. Von Beruf mache &#8222;ich was mit Computern&#8220; Privat bin ich Ehemann und Vater, Reihenhausbewohner und Kombi-Fahrer mit Migrationshintergrund und schr\u00e4gem [&#8230;]<\/p>\n","protected":false},"author":2,"featured_media":0,"parent":0,"menu_order":0,"comment_status":"closed","ping_status":"closed","template":"","meta":{"footnotes":""},"class_list":["post-62","page","type-page","status-publish","hentry"],"_links":{"self":[{"href":"https:\/\/tibor.djantar.de\/index.php?rest_route=\/wp\/v2\/pages\/62","targetHints":{"allow":["GET"]}}],"collection":[{"href":"https:\/\/tibor.djantar.de\/index.php?rest_route=\/wp\/v2\/pages"}],"about":[{"href":"https:\/\/tibor.djantar.de\/index.php?rest_route=\/wp\/v2\/types\/page"}],"author":[{"embeddable":true,"href":"https:\/\/tibor.djantar.de\/index.php?rest_route=\/wp\/v2\/users\/2"}],"replies":[{"embeddable":true,"href":"https:\/\/tibor.djantar.de\/index.php?rest_route=%2Fwp%2Fv2%2Fcomments&post=62"}],"version-history":[{"count":13,"href":"https:\/\/tibor.djantar.de\/index.php?rest_route=\/wp\/v2\/pages\/62\/revisions"}],"predecessor-version":[{"id":325,"href":"https:\/\/tibor.djantar.de\/index.php?rest_route=\/wp\/v2\/pages\/62\/revisions\/325"}],"wp:attachment":[{"href":"https:\/\/tibor.djantar.de\/index.php?rest_route=%2Fwp%2Fv2%2Fmedia&parent=62"}],"curies":[{"name":"wp","href":"https:\/\/api.w.org\/{rel}","templated":true}]}}